{"id":91,"date":"2023-11-21T15:52:16","date_gmt":"2023-11-21T15:52:16","guid":{"rendered":"https:\/\/bsc-floersheim.dock14.werftserver.de\/?page_id=91"},"modified":"2025-05-06T22:16:03","modified_gmt":"2025-05-06T20:16:03","slug":"trainingszeiten","status":"publish","type":"page","link":"https:\/\/www.bsc-floersheim.de\/?page_id=91","title":{"rendered":"Trainingszeiten"},"content":{"rendered":"\t\t<div data-elementor-type=\"wp-page\" data-elementor-id=\"91\" class=\"elementor elementor-91\">\n\t\t\t\t<div class=\"elementor-element elementor-element-899a7aa e-flex e-con-boxed e-con e-parent\" data-id=\"899a7aa\" data-element_type=\"container\" data-settings=\"{&quot;background_background&quot;:&quot;classic&quot;}\">\n\t\t\t\t\t<div class=\"e-con-inner\">\n\t\t<div class=\"elementor-element elementor-element-649ab7e e-con-full e-flex e-con e-child\" data-id=\"649ab7e\" data-element_type=\"container\" data-settings=\"{&quot;background_background&quot;:&quot;classic&quot;}\">\n\t\t\t\t<div class=\"elementor-element elementor-element-8eded60 sc_fly_static elementor-widget elementor-widget-heading\" data-id=\"8eded60\" data-element_type=\"widget\" data-widget_type=\"heading.default\">\n\t\t\t\t<div class=\"elementor-widget-container\">\n\t\t\t<style>\/*! elementor - v3.22.0 - 26-06-2024 *\/\n.elementor-heading-title{padding:0;margin:0;line-height:1}.elementor-widget-heading .elementor-heading-title[class*=elementor-size-]>a{color:inherit;font-size:inherit;line-height:inherit}.elementor-widget-heading .elementor-heading-title.elementor-size-small{font-size:15px}.elementor-widget-heading .elementor-heading-title.elementor-size-medium{font-size:19px}.elementor-widget-heading .elementor-heading-title.elementor-size-large{font-size:29px}.elementor-widget-heading .elementor-heading-title.elementor-size-xl{font-size:39px}.elementor-widget-heading .elementor-heading-title.elementor-size-xxl{font-size:59px}<\/style><h3 class=\"elementor-heading-title elementor-size-default\">Hallenzeiten Tischtennis ab 30.08.2024<\/h3>\t\t<\/div>\n\t\t\t\t<\/div>\n\t\t\t\t<\/div>\n\t\t\t\t\t<\/div>\n\t\t\t\t<\/div>\n\t\t<div class=\"elementor-element elementor-element-77ccd3e e-flex e-con-boxed e-con e-parent\" data-id=\"77ccd3e\" data-element_type=\"container\" data-settings=\"{&quot;background_background&quot;:&quot;slideshow&quot;,&quot;background_slideshow_gallery&quot;:[{&quot;id&quot;:1444,&quot;url&quot;:&quot;https:\\\/\\\/www.bsc-floersheim.de\\\/wp-content\\\/uploads\\\/2024\\\/06\\\/aelterer-mann-der-tischtennis-spielt_155003-26094_grey-1.jpg&quot;}],&quot;background_slideshow_loop&quot;:&quot;yes&quot;,&quot;background_slideshow_slide_duration&quot;:5000,&quot;background_slideshow_slide_transition&quot;:&quot;fade&quot;,&quot;background_slideshow_transition_duration&quot;:500}\">\n\t\t\t\t\t<div class=\"e-con-inner\">\n\t\t<div class=\"elementor-element elementor-element-8d33eb5 e-grid e-con-full e-con e-child\" data-id=\"8d33eb5\" data-element_type=\"container\">\n\t\t\t\t<div class=\"elementor-element elementor-element-02d6ca9 sc_fly_static elementor-widget elementor-widget-heading\" data-id=\"02d6ca9\" data-element_type=\"widget\" data-widget_type=\"heading.default\">\n\t\t\t\t<div class=\"elementor-widget-container\">\n\t\t\t<h3 class=\"elementor-heading-title elementor-size-default\"> <\/h3>\t\t<\/div>\n\t\t\t\t<\/div>\n\t\t\t\t<div class=\"elementor-element elementor-element-bdcdd6f sc_fly_static elementor-widget elementor-widget-heading\" data-id=\"bdcdd6f\" data-element_type=\"widget\" data-widget_type=\"heading.default\">\n\t\t\t\t<div class=\"elementor-widget-container\">\n\t\t\t<h3 class=\"elementor-heading-title elementor-size-default\"> <\/h3>\t\t<\/div>\n\t\t\t\t<\/div>\n\t\t\t\t<div class=\"elementor-element elementor-element-e6c79ba sc_fly_static elementor-widget elementor-widget-heading\" data-id=\"e6c79ba\" data-element_type=\"widget\" data-widget_type=\"heading.default\">\n\t\t\t\t<div class=\"elementor-widget-container\">\n\t\t\t<h3 class=\"elementor-heading-title elementor-size-default\"> <\/h3>\t\t<\/div>\n\t\t\t\t<\/div>\n\t\t<div class=\"elementor-element elementor-element-e00fdce e-con-full e-flex e-con e-child\" data-id=\"e00fdce\" data-element_type=\"container\" data-settings=\"{&quot;background_background&quot;:&quot;classic&quot;}\">\n\t\t\t\t<div class=\"elementor-element elementor-element-a6b5984 sc_fly_static elementor-widget elementor-widget-text-editor\" data-id=\"a6b5984\" data-element_type=\"widget\" data-widget_type=\"text-editor.default\">\n\t\t\t\t<div class=\"elementor-widget-container\">\n\t\t\t<style>\/*! elementor - v3.22.0 - 26-06-2024 *\/\n.elementor-widget-text-editor.elementor-drop-cap-view-stacked .elementor-drop-cap{background-color:#69727d;color:#fff}.elementor-widget-text-editor.elementor-drop-cap-view-framed .elementor-drop-cap{color:#69727d;border:3px solid;background-color:transparent}.elementor-widget-text-editor:not(.elementor-drop-cap-view-default) .elementor-drop-cap{margin-top:8px}.elementor-widget-text-editor:not(.elementor-drop-cap-view-default) .elementor-drop-cap-letter{width:1em;height:1em}.elementor-widget-text-editor .elementor-drop-cap{float:left;text-align:center;line-height:1;font-size:50px}.elementor-widget-text-editor .elementor-drop-cap-letter{display:inline-block}<\/style>\t\t\t\t<p><small><strong>Freitag<br \/><\/strong><strong>17:00 &#8211; 19:00 Uhr<\/strong><\/small><\/p><p><small>JUGENDLICHE<\/small><br \/><small>Turnhalle Riedschule<\/small><\/p>\t\t\t\t\t\t<\/div>\n\t\t\t\t<\/div>\n\t\t\t\t<\/div>\n\t\t<div class=\"elementor-element elementor-element-91dda62 e-con-full e-flex e-con e-child\" data-id=\"91dda62\" data-element_type=\"container\" data-settings=\"{&quot;background_background&quot;:&quot;classic&quot;}\">\n\t\t\t\t<div class=\"elementor-element elementor-element-0db4100 sc_fly_static elementor-widget elementor-widget-text-editor\" data-id=\"0db4100\" data-element_type=\"widget\" data-widget_type=\"text-editor.default\">\n\t\t\t\t<div class=\"elementor-widget-container\">\n\t\t\t\t\t\t\t<p><small><strong>Freitag<br \/><\/strong><strong>19:00 &#8211; 22:00 Uhr<\/strong><\/small><\/p><p><small>ERWACHSENE<\/small><br \/><small>Turnhalle Riedschule<\/small><\/p>\t\t\t\t\t\t<\/div>\n\t\t\t\t<\/div>\n\t\t\t\t<\/div>\n\t\t<div class=\"elementor-element elementor-element-8909a81 e-con-full e-flex e-con e-child\" data-id=\"8909a81\" data-element_type=\"container\" data-settings=\"{&quot;background_background&quot;:&quot;classic&quot;}\">\n\t\t\t\t<div class=\"elementor-element elementor-element-73b3840 sc_fly_static elementor-widget elementor-widget-text-editor\" data-id=\"73b3840\" data-element_type=\"widget\" data-widget_type=\"text-editor.default\">\n\t\t\t\t<div class=\"elementor-widget-container\">\n\t\t\t\t\t\t\t<p><small><strong>Samstag<br \/><\/strong><strong>10:00 &#8211; 12:00 Uhr<\/strong><\/small><\/p><p><small>KINDER + JUGENDLICHE<\/small><br \/><small>Turnhalle Riedschule<\/small><\/p>\t\t\t\t\t\t<\/div>\n\t\t\t\t<\/div>\n\t\t\t\t<\/div>\n\t\t\t\t<div class=\"elementor-element elementor-element-d6b01dd sc_fly_static elementor-widget elementor-widget-text-editor\" data-id=\"d6b01dd\" data-element_type=\"widget\" data-widget_type=\"text-editor.default\">\n\t\t\t\t<div class=\"elementor-widget-container\">\n\t\t\t\t\t\t\t<p><span style=\"color: #ffffff;\"><small>\u00a0<\/small><\/span><\/p>\t\t\t\t\t\t<\/div>\n\t\t\t\t<\/div>\n\t\t\t\t<div class=\"elementor-element elementor-element-4bf705e sc_fly_static elementor-widget elementor-widget-text-editor\" data-id=\"4bf705e\" data-element_type=\"widget\" data-widget_type=\"text-editor.default\">\n\t\t\t\t<div class=\"elementor-widget-container\">\n\t\t\t\t\t\t\t<p><span style=\"color: #ffffff;\"><small><small>Training + Freies Spiel &#8211; Hobby &amp; Mannschaften<\/small><br \/><\/small><\/span><\/p>\t\t\t\t\t\t<\/div>\n\t\t\t\t<\/div>\n\t\t\t\t<div class=\"elementor-element elementor-element-618a8dd sc_fly_static elementor-widget elementor-widget-text-editor\" data-id=\"618a8dd\" data-element_type=\"widget\" data-widget_type=\"text-editor.default\">\n\t\t\t\t<div class=\"elementor-widget-container\">\n\t\t\t\t\t\t\t<p><span style=\"color: #ffffff;\"><small>\u00a0<\/small><\/span><\/p>\t\t\t\t\t\t<\/div>\n\t\t\t\t<\/div>\n\t\t\t\t<\/div>\n\t\t\t\t\t<\/div>\n\t\t\t\t<\/div>\n\t\t<div class=\"elementor-element elementor-element-bbd2e7d e-flex e-con-boxed e-con e-parent\" data-id=\"bbd2e7d\" data-element_type=\"container\" data-settings=\"{&quot;background_background&quot;:&quot;classic&quot;}\">\n\t\t\t\t\t<div class=\"e-con-inner\">\n\t\t\t\t<div class=\"elementor-element elementor-element-c7fe9b6 sc_fly_static elementor-widget elementor-widget-text-editor\" data-id=\"c7fe9b6\" data-element_type=\"widget\" data-widget_type=\"text-editor.default\">\n\t\t\t\t<div class=\"elementor-widget-container\">\n\t\t\t\t\t\t\t<p>Stand 08-2024, \u00c4nderungen vorbehalten. Zus\u00e4tzliche Termine sind aktuell wegen begrenzter Hallenkapazit\u00e4t leider nicht m\u00f6glich.<\/p><p><strong><span style=\"color: #808080;\">-&gt; Bitte abweichende Trainigszeiten in den Schulferien beachten!<\/span><\/strong><br \/>Kurzfristige Hallensperrungen wegen Umbauten \/ Reinigungsarbeiten m\u00f6glich!<\/p><p>Abteilungsleiter Tischtennis: Dominik Waloszczyk | tischtennis@bsc-floersheim.de<\/p>\t\t\t\t\t\t<\/div>\n\t\t\t\t<\/div>\n\t\t\t\t\t<\/div>\n\t\t\t\t<\/div>\n\t\t\t\t<\/div>\n\t\t","protected":false},"excerpt":{"rendered":"<p>Hallenzeiten Tischtennis ab 30.08.2024 Freitag17:00 &#8211; 19:00 Uhr JUGENDLICHETurnhalle Riedschule Freitag19:00 &#8211; 22:00 Uhr ERWACHSENETurnhalle Riedschule Samstag10:00 &#8211; 12:00 Uhr&hellip;<\/p>\n","protected":false},"author":1,"featured_media":0,"parent":40,"menu_order":0,"comment_status":"closed","ping_status":"closed","template":"","meta":{"footnotes":""},"_links":{"self":[{"href":"https:\/\/www.bsc-floersheim.de\/index.php?rest_route=\/wp\/v2\/pages\/91"}],"collection":[{"href":"https:\/\/www.bsc-floersheim.de\/index.php?rest_route=\/wp\/v2\/pages"}],"about":[{"href":"https:\/\/www.bsc-floersheim.de\/index.php?rest_route=\/wp\/v2\/types\/page"}],"author":[{"embeddable":true,"href":"https:\/\/www.bsc-floersheim.de\/index.php?rest_route=\/wp\/v2\/users\/1"}],"replies":[{"embeddable":true,"href":"https:\/\/www.bsc-floersheim.de\/index.php?rest_route=%2Fwp%2Fv2%2Fcomments&post=91"}],"version-history":[{"count":59,"href":"https:\/\/www.bsc-floersheim.de\/index.php?rest_route=\/wp\/v2\/pages\/91\/revisions"}],"predecessor-version":[{"id":1718,"href":"https:\/\/www.bsc-floersheim.de\/index.php?rest_route=\/wp\/v2\/pages\/91\/revisions\/1718"}],"up":[{"embeddable":true,"href":"https:\/\/www.bsc-floersheim.de\/index.php?rest_route=\/wp\/v2\/pages\/40"}],"wp:attachment":[{"href":"https:\/\/www.bsc-floersheim.de\/index.php?rest_route=%2Fwp%2Fv2%2Fmedia&parent=91"}],"curies":[{"name":"wp","href":"https:\/\/api.w.org\/{rel}","templated":true}]}}