{"id":82,"date":"2023-11-21T15:41:14","date_gmt":"2023-11-21T15:41:14","guid":{"rendered":"https:\/\/bsc-floersheim.dock14.werftserver.de\/?page_id=82"},"modified":"2026-04-13T18:17:20","modified_gmt":"2026-04-13T16:17:20","slug":"mitgliedschaft","status":"publish","type":"page","link":"https:\/\/www.bsc-floersheim.de\/?page_id=82","title":{"rendered":"Mitgliedschaft"},"content":{"rendered":"\t\t<div data-elementor-type=\"wp-page\" data-elementor-id=\"82\" class=\"elementor elementor-82\">\n\t\t\t\t<div class=\"elementor-element elementor-element-9d324aa e-flex e-con-boxed e-con e-parent\" data-id=\"9d324aa\" data-element_type=\"container\" data-settings=\"{&quot;background_background&quot;:&quot;classic&quot;}\">\n\t\t\t\t\t<div class=\"e-con-inner\">\n\t\t\t\t<div class=\"elementor-element elementor-element-8611773 scheme_alter sc_fly_static elementor-widget elementor-widget-trx_sc_price\" data-id=\"8611773\" data-element_type=\"widget\" data-widget_type=\"trx_sc_price.default\">\n\t\t\t\t<div class=\"elementor-widget-container\">\n\t\t\t<div  id=\"trx_sc_price_697610011\" \n\tclass=\"sc_price scheme_alter sc_price_default\"><div class=\"sc_price_columns_wrap sc_item_columns trx_addons_columns_wrap columns_padding_bottom\"><div class=\"trx_addons_column-1_2\"><div class=\"sc_price_item sc_price_item_default with_image with_bg_color\" style=\"background-color:#DDB5B578;\">\n            <div class=\"price_info_title\">\n                <h3 class=\"sc_price_item_title\"><span>Jugendliche<\/span><\/h3>            <\/div>\n            <div class=\"sc_price_item_inner\"><div class=\"sc_price_item_icon sc_price_item_icon_type_ icon-child\"\n\t\t\t\t\t\t\t\t\t\t\t\t><span class=\"sc_icon_type_ icon-child\"\n\t\t\t\t\t\t\t\t\t\t\t\t\t\t\t><\/span><\/div><div class=\"sc_price_item_info\"><h6 class=\"sc_price_item_subtitle\"><span>72,00 \u20ac Jahresbeitrag pro Kind<\/span><\/h6><div class=\"sc_price_item_details\"><p>Kinder und Jugendliche bis 18 Jahre, per Bankeinzug \u00fcber Eltern und Erziehungsberechtigte.<\/p><\/div><\/div><!-- \/.sc_price_item_info --><\/div><!-- \/.sc_price_item_inner --><a href=\"#\" class=\"sc_price_item_link sc_price_item_link_over\"><\/a><\/div><\/div><div class=\"trx_addons_column-1_2\"><div class=\"sc_price_item sc_price_item_default with_image with_bg_color\" style=\"background-color:#BFD6BF82;\">\n            <div class=\"price_info_title\">\n                <h3 class=\"sc_price_item_title\"><span>Erwachsene<\/span><\/h3>            <\/div>\n            <div class=\"sc_price_item_inner\"><div class=\"sc_price_item_icon sc_price_item_icon_type_ icon-male\"\n\t\t\t\t\t\t\t\t\t\t\t\t><span class=\"sc_icon_type_ icon-male\"\n\t\t\t\t\t\t\t\t\t\t\t\t\t\t\t><\/span><\/div><div class=\"sc_price_item_info\"><h6 class=\"sc_price_item_subtitle\"><span>90,00 \u20ac Jahresbeitrag pro Person<\/span><\/h6><div class=\"sc_price_item_details\"><p>Jahresbeitrag f\u00fcr Erwachsene \u00fcber 18 Jahre, per Bankeinzug (SEPA-Lastschriftmandat).<\/p><\/div><\/div><!-- \/.sc_price_item_info --><\/div><!-- \/.sc_price_item_inner --><a href=\"#\" class=\"sc_price_item_link sc_price_item_link_over\"><\/a><\/div><\/div><div class=\"trx_addons_column-1_2\"><div class=\"sc_price_item sc_price_item_default with_image with_bg_color\" style=\"background-color:#BFD6BF82;\">\n            <div class=\"price_info_title\">\n                <h3 class=\"sc_price_item_title\"><span>Familienbeitrag<\/span><\/h3>            <\/div>\n            <div class=\"sc_price_item_inner\"><div class=\"sc_price_item_icon sc_price_item_icon_type_ icon-user-plus\"\n\t\t\t\t\t\t\t\t\t\t\t\t><span class=\"sc_icon_type_ icon-user-plus\"\n\t\t\t\t\t\t\t\t\t\t\t\t\t\t\t><\/span><\/div><div class=\"sc_price_item_info\"><h6 class=\"sc_price_item_subtitle\"><span>234,00 \u20ac Jahresbeitrag pro Haushalt<\/span><\/h6><div class=\"sc_price_item_details\"><p>Der Familienbeitrag gilt f\u00fcr zwei Erwachsene inkl. aller im Haushalt lebenden Kinder, Bankeinzug pro Haushalt.<\/p><\/div><\/div><!-- \/.sc_price_item_info --><\/div><!-- \/.sc_price_item_inner --><a href=\"#\" class=\"sc_price_item_link sc_price_item_link_over\"><\/a><\/div><\/div><div class=\"trx_addons_column-1_2\"><div class=\"sc_price_item sc_price_item_default with_image with_bg_color\" style=\"background-color:#DDB5B578;\">\n            <div class=\"price_info_title\">\n                <h3 class=\"sc_price_item_title\"><span>Spendenbeitr\u00e4ge<\/span><\/h3>            <\/div>\n            <div class=\"sc_price_item_inner\"><div class=\"sc_price_item_icon sc_price_item_icon_type_ icon-user-alt\"\n\t\t\t\t\t\t\t\t\t\t\t\t><span class=\"sc_icon_type_ icon-user-alt\"\n\t\t\t\t\t\t\t\t\t\t\t\t\t\t\t><\/span><\/div><div class=\"sc_price_item_info\"><h6 class=\"sc_price_item_subtitle\"><span>Ab 5,00 \u20ac Jahresbeitrag<\/span><\/h6><div class=\"sc_price_item_details\"><p>F\u00f6rderbeitr\u00e4ge wurden abgeschafft. Wiederkehrende Spenden bitte mit der Kasse kl\u00e4ren. (Ehrenmitglieder sind beitragsfrei)<\/p><\/div><\/div><!-- \/.sc_price_item_info --><\/div><!-- \/.sc_price_item_inner --><a href=\"#\" class=\"sc_price_item_link sc_price_item_link_over\"><\/a><\/div><\/div><\/div><\/div><!-- \/.sc_price -->\t\t<\/div>\n\t\t\t\t<\/div>\n\t\t\t\t\t<\/div>\n\t\t\t\t<\/div>\n\t\t<div class=\"elementor-element elementor-element-9266aa7 e-flex e-con-boxed e-con e-parent\" data-id=\"9266aa7\" data-element_type=\"container\" data-settings=\"{&quot;background_background&quot;:&quot;classic&quot;}\">\n\t\t\t\t\t<div class=\"e-con-inner\">\n\t\t\t\t<div class=\"elementor-element elementor-element-9b35fa3 elementor-align-right sc_fly_static elementor-widget elementor-widget-button\" data-id=\"9b35fa3\" data-element_type=\"widget\" data-widget_type=\"button.default\">\n\t\t\t\t<div class=\"elementor-widget-container\">\n\t\t\t\t\t<div class=\"elementor-button-wrapper\">\n\t\t\t<a class=\"elementor-button elementor-button-link elementor-size-md\" href=\"https:\/\/bsc-floersheim.de\/wp-content\/uploads\/2026\/04\/2025-05-16_BSC_Aufnahmeantrag_Felder.pdf\" target=\"_blank\" rel=\"nofollow\">\n\t\t\t\t\t\t<span class=\"elementor-button-content-wrapper\">\n\t\t\t\t\t\t<span class=\"elementor-button-icon\">\n\t\t\t\t<svg aria-hidden=\"true\" class=\"e-font-icon-svg e-far-arrow-alt-circle-down\" viewBox=\"0 0 512 512\" xmlns=\"http:\/\/www.w3.org\/2000\/svg\"><path d=\"M256 8C119 8 8 119 8 256s111 248 248 248 248-111 248-248S393 8 256 8zm0 448c-110.5 0-200-89.5-200-200S145.5 56 256 56s200 89.5 200 200-89.5 200-200 200zm-32-316v116h-67c-10.7 0-16 12.9-8.5 20.5l99 99c4.7 4.7 12.3 4.7 17 0l99-99c7.6-7.6 2.2-20.5-8.5-20.5h-67V140c0-6.6-5.4-12-12-12h-40c-6.6 0-12 5.4-12 12z\"><\/path><\/svg>\t\t\t<\/span>\n\t\t\t\t\t\t\t\t\t<span class=\"elementor-button-text\">BSC Anmeldeformular als PDF<\/span>\n\t\t\t\t\t<\/span>\n\t\t\t\t\t<\/a>\n\t\t<\/div>\n\t\t\t\t<\/div>\n\t\t\t\t<\/div>\n\t\t\t\t<div class=\"elementor-element elementor-element-d33588f elementor-align-right sc_fly_static elementor-widget elementor-widget-button\" data-id=\"d33588f\" data-element_type=\"widget\" data-widget_type=\"button.default\">\n\t\t\t\t<div class=\"elementor-widget-container\">\n\t\t\t\t\t<div class=\"elementor-button-wrapper\">\n\t\t\t<a class=\"elementor-button elementor-button-link elementor-size-md\" href=\"https:\/\/www.bsc-floersheim.de\/wp-content\/uploads\/2026\/04\/2025-10-01_BSC_Datenschutzerklaerung.pdf\" target=\"_blank\" rel=\"nofollow\">\n\t\t\t\t\t\t<span class=\"elementor-button-content-wrapper\">\n\t\t\t\t\t\t<span class=\"elementor-button-icon\">\n\t\t\t\t<svg aria-hidden=\"true\" class=\"e-font-icon-svg e-far-arrow-alt-circle-down\" viewBox=\"0 0 512 512\" xmlns=\"http:\/\/www.w3.org\/2000\/svg\"><path d=\"M256 8C119 8 8 119 8 256s111 248 248 248 248-111 248-248S393 8 256 8zm0 448c-110.5 0-200-89.5-200-200S145.5 56 256 56s200 89.5 200 200-89.5 200-200 200zm-32-316v116h-67c-10.7 0-16 12.9-8.5 20.5l99 99c4.7 4.7 12.3 4.7 17 0l99-99c7.6-7.6 2.2-20.5-8.5-20.5h-67V140c0-6.6-5.4-12-12-12h-40c-6.6 0-12 5.4-12 12z\"><\/path><\/svg>\t\t\t<\/span>\n\t\t\t\t\t\t\t\t\t<span class=\"elementor-button-text\">BSC Datenschutzerkl\u00e4rung als PDF<\/span>\n\t\t\t\t\t<\/span>\n\t\t\t\t\t<\/a>\n\t\t<\/div>\n\t\t\t\t<\/div>\n\t\t\t\t<\/div>\n\t\t\t\t<div class=\"elementor-element elementor-element-bdabb72 sc_fly_static elementor-widget elementor-widget-text-editor\" data-id=\"bdabb72\" data-element_type=\"widget\" data-widget_type=\"text-editor.default\">\n\t\t\t\t<div class=\"elementor-widget-container\">\n\t\t\t<style>\/*! elementor - v3.22.0 - 26-06-2024 *\/\n.elementor-widget-text-editor.elementor-drop-cap-view-stacked .elementor-drop-cap{background-color:#69727d;color:#fff}.elementor-widget-text-editor.elementor-drop-cap-view-framed .elementor-drop-cap{color:#69727d;border:3px solid;background-color:transparent}.elementor-widget-text-editor:not(.elementor-drop-cap-view-default) .elementor-drop-cap{margin-top:8px}.elementor-widget-text-editor:not(.elementor-drop-cap-view-default) .elementor-drop-cap-letter{width:1em;height:1em}.elementor-widget-text-editor .elementor-drop-cap{float:left;text-align:center;line-height:1;font-size:50px}.elementor-widget-text-editor .elementor-drop-cap-letter{display:inline-block}<\/style>\t\t\t\t<p>Hinweise: Stand 04-2026, Aufnahmegeb\u00fchr 20,00 Euro pro Neuanmeldung, Einzug per SEPA-Lastschrift. Bei Eintritt im 2. Halbjahr wird nur der halbe Jahresbeitrag erhoben (50%).<\/p><p>\u00a0<\/p>\t\t\t\t\t\t<\/div>\n\t\t\t\t<\/div>\n\t\t\t\t\t<\/div>\n\t\t\t\t<\/div>\n\t\t<div class=\"elementor-element elementor-element-d59732d e-flex e-con-boxed e-con e-parent\" data-id=\"d59732d\" data-element_type=\"container\">\n\t\t\t\t\t<div class=\"e-con-inner\">\n\t\t\t\t\t<\/div>\n\t\t\t\t<\/div>\n\t\t\t\t<\/div>\n\t\t","protected":false},"excerpt":{"rendered":"<p>Jugendliche 72,00 \u20ac Jahresbeitrag pro Kind Kinder und Jugendliche bis 18 Jahre, per Bankeinzug \u00fcber Eltern und Erziehungsberechtigte. Erwachsene 90,00&hellip;<\/p>\n","protected":false},"author":1,"featured_media":0,"parent":38,"menu_order":0,"comment_status":"closed","ping_status":"closed","template":"elementor_theme","meta":{"footnotes":""},"_links":{"self":[{"href":"https:\/\/www.bsc-floersheim.de\/index.php?rest_route=\/wp\/v2\/pages\/82"}],"collection":[{"href":"https:\/\/www.bsc-floersheim.de\/index.php?rest_route=\/wp\/v2\/pages"}],"about":[{"href":"https:\/\/www.bsc-floersheim.de\/index.php?rest_route=\/wp\/v2\/types\/page"}],"author":[{"embeddable":true,"href":"https:\/\/www.bsc-floersheim.de\/index.php?rest_route=\/wp\/v2\/users\/1"}],"replies":[{"embeddable":true,"href":"https:\/\/www.bsc-floersheim.de\/index.php?rest_route=%2Fwp%2Fv2%2Fcomments&post=82"}],"version-history":[{"count":215,"href":"https:\/\/www.bsc-floersheim.de\/index.php?rest_route=\/wp\/v2\/pages\/82\/revisions"}],"predecessor-version":[{"id":2106,"href":"https:\/\/www.bsc-floersheim.de\/index.php?rest_route=\/wp\/v2\/pages\/82\/revisions\/2106"}],"up":[{"embeddable":true,"href":"https:\/\/www.bsc-floersheim.de\/index.php?rest_route=\/wp\/v2\/pages\/38"}],"wp:attachment":[{"href":"https:\/\/www.bsc-floersheim.de\/index.php?rest_route=%2Fwp%2Fv2%2Fmedia&parent=82"}],"curies":[{"name":"wp","href":"https:\/\/api.w.org\/{rel}","templated":true}]}}