{"id":2,"date":"2016-05-10T03:48:21","date_gmt":"2016-05-10T03:48:21","guid":{"rendered":"https:\/\/bsc-floersheim.dock14.werftserver.de\/?page_id=2"},"modified":"2024-06-27T02:49:13","modified_gmt":"2024-06-27T00:49:13","slug":"sample-page","status":"publish","type":"page","link":"https:\/\/www.bsc-floersheim.de\/?page_id=2","title":{"rendered":"Warum Tischtennis?"},"content":{"rendered":"\t\t<div data-elementor-type=\"wp-page\" data-elementor-id=\"2\" class=\"elementor elementor-2\">\n\t\t\t\t<div class=\"elementor-element elementor-element-e65a9ea e-flex e-con-boxed e-con e-parent\" data-id=\"e65a9ea\" data-element_type=\"container\">\n\t\t\t\t\t<div class=\"e-con-inner\">\n\t\t\t\t<div class=\"elementor-element elementor-element-ccd2659 sc_fly_static elementor-widget elementor-widget-image\" data-id=\"ccd2659\" data-element_type=\"widget\" data-widget_type=\"image.default\">\n\t\t\t\t<div class=\"elementor-widget-container\">\n\t\t\t<style>\/*! elementor - v3.22.0 - 26-06-2024 *\/\n.elementor-widget-image{text-align:center}.elementor-widget-image a{display:inline-block}.elementor-widget-image a img[src$=\".svg\"]{width:48px}.elementor-widget-image img{vertical-align:middle;display:inline-block}<\/style>\t\t\t\t\t\t\t\t\t\t<img fetchpriority=\"high\" decoding=\"async\" width=\"1536\" height=\"953\" src=\"https:\/\/www.bsc-floersheim.de\/wp-content\/uploads\/2024\/01\/Bridgeman-Images_ClaudeSchwarz_Kind-TT_BAL_7392349-1536x953.jpg\" class=\"attachment-1536x1536 size-1536x1536 wp-image-392\" alt=\"\" srcset=\"https:\/\/www.bsc-floersheim.de\/wp-content\/uploads\/2024\/01\/Bridgeman-Images_ClaudeSchwarz_Kind-TT_BAL_7392349-1536x953.jpg 1536w, https:\/\/www.bsc-floersheim.de\/wp-content\/uploads\/2024\/01\/Bridgeman-Images_ClaudeSchwarz_Kind-TT_BAL_7392349-300x186.jpg 300w, https:\/\/www.bsc-floersheim.de\/wp-content\/uploads\/2024\/01\/Bridgeman-Images_ClaudeSchwarz_Kind-TT_BAL_7392349-1024x635.jpg 1024w, https:\/\/www.bsc-floersheim.de\/wp-content\/uploads\/2024\/01\/Bridgeman-Images_ClaudeSchwarz_Kind-TT_BAL_7392349-768x477.jpg 768w, https:\/\/www.bsc-floersheim.de\/wp-content\/uploads\/2024\/01\/Bridgeman-Images_ClaudeSchwarz_Kind-TT_BAL_7392349-2048x1271.jpg 2048w, https:\/\/www.bsc-floersheim.de\/wp-content\/uploads\/2024\/01\/Bridgeman-Images_ClaudeSchwarz_Kind-TT_BAL_7392349-370x230.jpg 370w, https:\/\/www.bsc-floersheim.de\/wp-content\/uploads\/2024\/01\/Bridgeman-Images_ClaudeSchwarz_Kind-TT_BAL_7392349-818x508.jpg 818w, https:\/\/www.bsc-floersheim.de\/wp-content\/uploads\/2024\/01\/Bridgeman-Images_ClaudeSchwarz_Kind-TT_BAL_7392349-406x252.jpg 406w, https:\/\/www.bsc-floersheim.de\/wp-content\/uploads\/2024\/01\/Bridgeman-Images_ClaudeSchwarz_Kind-TT_BAL_7392349-500x310.jpg 500w, https:\/\/www.bsc-floersheim.de\/wp-content\/uploads\/2024\/01\/Bridgeman-Images_ClaudeSchwarz_Kind-TT_BAL_7392349-400x248.jpg 400w, https:\/\/www.bsc-floersheim.de\/wp-content\/uploads\/2024\/01\/Bridgeman-Images_ClaudeSchwarz_Kind-TT_BAL_7392349-32x20.jpg 32w\" sizes=\"(max-width: 1536px) 100vw, 1536px\" \/>\t\t\t\t\t\t\t\t\t\t\t\t\t<\/div>\n\t\t\t\t<\/div>\n\t\t\t\t\t<\/div>\n\t\t\t\t<\/div>\n\t\t<div class=\"elementor-element elementor-element-27c3b436 e-flex e-con-boxed e-con e-parent\" data-id=\"27c3b436\" data-element_type=\"container\">\n\t\t\t\t\t<div class=\"e-con-inner\">\n\t\t\t\t<div class=\"elementor-element elementor-element-1e943865 elementor-drop-cap-yes elementor-drop-cap-view-stacked sc_fly_static elementor-widget elementor-widget-text-editor\" data-id=\"1e943865\" data-element_type=\"widget\" id=\"Vorteile-id\" data-settings=\"{&quot;drop_cap&quot;:&quot;yes&quot;}\" data-widget_type=\"text-editor.default\">\n\t\t\t\t<div class=\"elementor-widget-container\">\n\t\t\t<style>\/*! elementor - v3.22.0 - 26-06-2024 *\/\n.elementor-widget-text-editor.elementor-drop-cap-view-stacked .elementor-drop-cap{background-color:#69727d;color:#fff}.elementor-widget-text-editor.elementor-drop-cap-view-framed .elementor-drop-cap{color:#69727d;border:3px solid;background-color:transparent}.elementor-widget-text-editor:not(.elementor-drop-cap-view-default) .elementor-drop-cap{margin-top:8px}.elementor-widget-text-editor:not(.elementor-drop-cap-view-default) .elementor-drop-cap-letter{width:1em;height:1em}.elementor-widget-text-editor .elementor-drop-cap{float:left;text-align:center;line-height:1;font-size:50px}.elementor-widget-text-editor .elementor-drop-cap-letter{display:inline-block}<\/style>\t\t\t\t<p>F\u00fcr Tischtennis musst du nicht viel mitbringen. Im Gegensatz zu anderen Sportarten ist Tischtennis einfach zu spielen und erfordert nur eine minimale Ausr\u00fcstung. Platten und Leih-Schl\u00e4ger findet man auch oft im \u00f6ffentlichen Raum. Gutes Reaktionsverm\u00f6gen und ein bisschen Ballgef\u00fchl sind trotzdem von Vorteil.<\/p><p>Alle anderen F\u00e4higkeiten wie grundlegende Schlagtechniken oder das Regelwerk kannst du dir mit etwas \u00dcbung schnell aneignen. Weitere Vorteile:<\/p><ul><li>Super schneller Einstieg, <span style=\"color: #333333;\">spannende Spiele<\/span><\/li><li><span style=\"color: #333333;\">Kaum Einschr\u00e4nkungen<\/span> aufgrund von k\u00f6rperlicher Beeintr\u00e4chtigungen oder Alter<\/li><li><span style=\"color: #333333;\">Gut f\u00fcr Kreislauf und Koordination<\/span> &#8211; gilt in Deutschland als Gesundheitssport<\/li><li>Die Bewegungssportart <span style=\"color: #333333;\">mit der empirisch geringsten Verletzungsgefahr<\/span><\/li><li><span style=\"color: #333333;\">Schnellste R\u00fcckschlagsportart<\/span> der Welt (bis zu 180 km\/h)<\/li><li>Besonders <span style=\"color: #333333;\">kreativ<\/span>, f\u00f6rdert Ausdauer &amp; Konzentration<\/li><li>Der wichtigste Grund: <span style=\"color: #333333;\">Abschalten vom Alltag&#8230;\u00a0 <\/span><span style=\"color: #333333;\"><br \/><img decoding=\"async\" class=\"wp-image-1077 size-thumbnail aligncenter\" src=\"https:\/\/bsc-floersheim.dock14.werftserver.de\/wp-content\/uploads\/2024\/06\/vector-icon-table-tennis3976290_red-150x150.png\" alt=\"\" width=\"150\" height=\"150\" srcset=\"https:\/\/www.bsc-floersheim.de\/wp-content\/uploads\/2024\/06\/vector-icon-table-tennis3976290_red-150x150.png 150w, https:\/\/www.bsc-floersheim.de\/wp-content\/uploads\/2024\/06\/vector-icon-table-tennis3976290_red-300x300.png 300w, https:\/\/www.bsc-floersheim.de\/wp-content\/uploads\/2024\/06\/vector-icon-table-tennis3976290_red-370x370.png 370w, https:\/\/www.bsc-floersheim.de\/wp-content\/uploads\/2024\/06\/vector-icon-table-tennis3976290_red-90x90.png 90w, https:\/\/www.bsc-floersheim.de\/wp-content\/uploads\/2024\/06\/vector-icon-table-tennis3976290_red-406x406.png 406w, https:\/\/www.bsc-floersheim.de\/wp-content\/uploads\/2024\/06\/vector-icon-table-tennis3976290_red-500x500.png 500w, https:\/\/www.bsc-floersheim.de\/wp-content\/uploads\/2024\/06\/vector-icon-table-tennis3976290_red-400x400.png 400w, https:\/\/www.bsc-floersheim.de\/wp-content\/uploads\/2024\/06\/vector-icon-table-tennis3976290_red-32x32.png 32w, https:\/\/www.bsc-floersheim.de\/wp-content\/uploads\/2024\/06\/vector-icon-table-tennis3976290_red.png 512w\" sizes=\"(max-width: 150px) 100vw, 150px\" \/><\/span>&#8230;Und f\u00fcr alle Eltern, auch nicht zu verachten:<\/li><\/ul><blockquote><p>Laut einer Studie der Deutschen Sporthochschule K\u00f6ln haben Kinder und Jugendliche, die regelm\u00e4\u00dfig Tischtennis spielen <span style=\"color: #333333;\">einen besseren Notendurchschnitt.<\/span><\/p><\/blockquote><p><span class=\"BxUVEf ILfuVd\" lang=\"de\"><span class=\"hgKElc\">Fazit: Schon in sehr jungen Jahren f\u00f6rdert Tischtennis zahlreiche F\u00e4higkeiten.<\/span><\/span><\/p>\t\t\t\t\t\t<\/div>\n\t\t\t\t<\/div>\n\t\t\t\t\t<\/div>\n\t\t\t\t<\/div>\n\t\t\t\t<\/div>\n\t\t","protected":false},"excerpt":{"rendered":"<p>F\u00fcr Tischtennis musst du nicht viel mitbringen. Im Gegensatz zu anderen Sportarten ist Tischtennis einfach zu spielen und erfordert nur&hellip;<\/p>\n","protected":false},"author":1,"featured_media":0,"parent":40,"menu_order":0,"comment_status":"closed","ping_status":"closed","template":"elementor_theme","meta":{"footnotes":""},"_links":{"self":[{"href":"https:\/\/www.bsc-floersheim.de\/index.php?rest_route=\/wp\/v2\/pages\/2"}],"collection":[{"href":"https:\/\/www.bsc-floersheim.de\/index.php?rest_route=\/wp\/v2\/pages"}],"about":[{"href":"https:\/\/www.bsc-floersheim.de\/index.php?rest_route=\/wp\/v2\/types\/page"}],"author":[{"embeddable":true,"href":"https:\/\/www.bsc-floersheim.de\/index.php?rest_route=\/wp\/v2\/users\/1"}],"replies":[{"embeddable":true,"href":"https:\/\/www.bsc-floersheim.de\/index.php?rest_route=%2Fwp%2Fv2%2Fcomments&post=2"}],"version-history":[{"count":55,"href":"https:\/\/www.bsc-floersheim.de\/index.php?rest_route=\/wp\/v2\/pages\/2\/revisions"}],"predecessor-version":[{"id":1144,"href":"https:\/\/www.bsc-floersheim.de\/index.php?rest_route=\/wp\/v2\/pages\/2\/revisions\/1144"}],"up":[{"embeddable":true,"href":"https:\/\/www.bsc-floersheim.de\/index.php?rest_route=\/wp\/v2\/pages\/40"}],"wp:attachment":[{"href":"https:\/\/www.bsc-floersheim.de\/index.php?rest_route=%2Fwp%2Fv2%2Fmedia&parent=2"}],"curies":[{"name":"wp","href":"https:\/\/api.w.org\/{rel}","templated":true}]}}